{"id":923,"date":"2014-04-25T10:57:34","date_gmt":"2014-04-25T08:57:34","guid":{"rendered":"http:\/\/stellmach-berlin.de\/?page_id=923"},"modified":"2014-05-09T12:58:18","modified_gmt":"2014-05-09T10:58:18","slug":"trends","status":"publish","type":"page","link":"https:\/\/stellmach-berlin.de\/?page_id=923","title":{"rendered":"Trends"},"content":{"rendered":"<h1>Die neuesten Trends aus der K\u00fcchenwelt<\/h1>\n<h3>In der K\u00fcche entwickeln sich drei gro\u00dfe Trends: sch\u00f6nes Holz, innovative Oberfl\u00e4chen und K\u00fcchensysteme, die so flexibel sind, dass der Raumgrundriss keine Rolle mehr spielt &#8211; damit hat man nicht nur am Essen mehr Spa\u00df, sondern auch am Kochen.<\/h3>\n<p><div class='columns1'>\r\n                <div class='row'><br \/>\n<span style=\"line-height: 1.5em;\"><div class='col-md-6'><p><\/span><br \/>\n<img decoding=\"async\" src=\"http:\/\/stellmach-berlin.de\/wp-content\/uploads\/2014\/04\/jpeg-11.jpg\" alt=\"jpeg-1\" width=\"100%\" class=\"alignnone size-full wp-image-1009\" srcset=\"https:\/\/stellmach-berlin.de\/wp-content\/uploads\/2014\/04\/jpeg-11.jpg 1640w, https:\/\/stellmach-berlin.de\/wp-content\/uploads\/2014\/04\/jpeg-11-300x166.jpg 300w, https:\/\/stellmach-berlin.de\/wp-content\/uploads\/2014\/04\/jpeg-11-1024x566.jpg 1024w\" sizes=\"(max-width: 1640px) 100vw, 1640px\" \/><\/p>\n<h2>Fronten aus <br \/> satiniertem Glas<\/h2>\n<p>Ein neues und gern benutztes Element in der K\u00fcche sind matte Glasfronten. Dieses Material kombiniert sich am Besten mit klarem, modernen Design und es sorgt f\u00fcr eine angenehme Haptik. Die hohe Qualit\u00e4t spricht au\u00dferdem f\u00fcr die in vielen Farbvariationen vorhandenen Glasfl\u00e4chen. <\/p>\n<p><a href=\"http:\/\/stellmach-berlin.de\/?portfolio=alno-alnostar-smartlinealnostar-satina\" title=\"Alno, ALNOSTAR SMARTLINE\/ALNOSTAR SATINA\">Auch wir zeigen matte Glasfl\u00e4chen<\/a><\/p>\n<p><span style=\"line-height: 1.5em;\"><\/p><\/div><div class='col-md-6'><p><\/span><br \/>\n<img decoding=\"async\" src=\"http:\/\/stellmach-berlin.de\/wp-content\/uploads\/2014\/04\/8.jpg\" width=\"100%\" class=\"alignnone size-large wp-image-627\" \/><\/p>\n<h2>Der richtige<br \/>Materialmix macht&#8217;s<\/h2>\n<p>Das Besondere an dieser K\u00fcche ist der Materialmix: Die Fronten aus Kunststoff leuchten in dezentem Eisblau, aus dunkelbrauner Mooreiche sind Oberschr\u00e4nke und Nischenpaneele gefertigt, und gl\u00e4nzender Edelstahl sch\u00fctzt die Arbeitsplatte aus Multiplex. Beim Design achtete der Hersteller auch auf die Praxistauglichkeit: Das Kochfeld ist in einem 83 Zentimeter hohen Unterschrank installiert und erf\u00fcllt so die ergonomischen Anspr\u00fcche, die an eine moderne K\u00fcche gestellt werden.<\/p>\n<p><a href=\"http:\/\/stellmach-berlin.de\/?portfolio=alno-kueche\" title=\"Alno, Alnostar Cera\">Unsere Alnostar Cera zeigt wie es geht<\/a><\/p>\n<p><span style=\"line-height: 1.5em;\"><\/p><\/div><\/div>\r\n            <\/div><\/span><\/p>\n<p><div class='columns1'>\r\n                <div class='row'><br \/>\n<span style=\"line-height: 1.5em;\"><div class='col-md-12'><p><\/span><br \/>\n<img decoding=\"async\" src=\"http:\/\/stellmach-berlin.de\/wp-content\/uploads\/2014\/04\/2134478600.jpg\" alt=\"planung\" width=\"100%\" class=\"alignnone size-large wp-image-627\" \/><br \/>\n<span style=\"line-height: 1.5em;\"><div class='col-md-12'><p><\/p><\/div><\/span><\/p>\n<h2>Die K\u00fcche wird<br \/>zum Wohnzimmer<\/h2>\n<p>Ob zum Essen, Spielen oder gem\u00fctlichen Beisammensein: F\u00fcr Familien ist die K\u00fcche oft das Herz der Wohnung. Und f\u00fcr Menschen, die gerne kochen, sowieso. Hier stehen Geselligkeit und Genuss im Mittelpunkt. Die moderne K\u00fcche entwickelt sich immer mehr zum &#8222;Lebens-Raum&#8220; \u2013 Wohnbereiche werden entgrenzt, traditionelle Zuschnitte in Wohnzimmer und K\u00fcche \u00fcberwunden. Wenn sich die Familienmitglieder oder Freunde irgendwo in der Wohnung treffen, dann in der K\u00fcche.<\/p>\n<p><a href=\"http:\/\/stellmach-berlin.de\/?portfolio=alno-alnostar-natureline\" title=\"Alno, Alnostar Natureline\">So kann es aussehen<\/a><\/p>\n<p><span style=\"line-height: 1.5em;\"><\/p><\/div><\/div>\r\n            <\/div><\/span><\/p>\n<p><div class='columns1'>\r\n                <div class='row'><br \/>\n<span style=\"line-height: 1.5em;\"><div class='col-md-6'><p><\/span><br \/>\n<a href=\"http:\/\/stellmach-berlin.de\/wp-content\/uploads\/2014\/04\/jpeg.jpg\"><img decoding=\"async\" src=\"http:\/\/stellmach-berlin.de\/wp-content\/uploads\/2014\/04\/jpeg.jpg\" alt=\"jpeg\" width=\"100%\" class=\"alignnone size-full wp-image-1017\" srcset=\"https:\/\/stellmach-berlin.de\/wp-content\/uploads\/2014\/04\/jpeg.jpg 1640w, https:\/\/stellmach-berlin.de\/wp-content\/uploads\/2014\/04\/jpeg-300x166.jpg 300w, https:\/\/stellmach-berlin.de\/wp-content\/uploads\/2014\/04\/jpeg-1024x566.jpg 1024w\" sizes=\"(max-width: 1640px) 100vw, 1640px\" \/><\/a><\/p>\n<h2>Kochen mit <br \/> Induktionskochfeldern<\/h2>\n<p>Induktionskochfelder sind mittlerweile der Standard einer neuzeitgen K\u00fcche. Sie sind einfach sauberzuhalten und machen auch rein optisch einen guten Eindruck. Sie sind unauff\u00e4llig und einfach zu bedienen. Der Vorteil eines Induktionskochfeldes ist, dass dadurch, dass nicht nur der Boden, sondern gleichzeitig auch der gesamte Topf erhitzt wird, das Kochgut schneller und gleichm\u00e4\u00dfiger erhitzt wird.<br \/>\n<span style=\"line-height: 1.5em;\"><\/p><\/div><div class='col-md-6'><p><\/span><br \/>\n<img decoding=\"async\" src=\"http:\/\/stellmach-berlin.de\/wp-content\/uploads\/2014\/04\/stellmach_kuechenstudio_versenkbare_abzugshauben.jpg\" alt=\"Versenkbare Abzugshauben\" width=\"100%\" class=\"alignnone size-large wp-image-627\" \/><\/p>\n<h2>Versenkbare<br \/>Dunstabzugshauben<\/h2>\n<p>Dunstabzugshauben sind aus  modernen K\u00fcchen nicht mehr wegzudenken. Allerdings sch\u00fctzen sie die Zauberer am Herd nicht vor Dampfschwaden, die brodelnden Kocht\u00f6pfen entweichen. Auch die D\u00e4mpfe aus Bratpfannen, Milcht\u00f6pfen und Kasserollen steigen, ehe sie angesogen werden, erst dem Koch oder der K\u00f6chin ins Gesicht und sorgen f\u00fcr rote B\u00e4ckchen und beschlagene Brillengl\u00e4ser.<br \/>\n<span style=\"line-height: 1.5em;\"><\/p><\/div><\/div>\r\n            <\/div><\/span><\/p>\n<p><div class='columns1'>\r\n                <div class='row'><br \/>\n<span style=\"line-height: 1.5em;\"><div class='col-md-12'><p><\/span><br \/>\n<img decoding=\"async\" src=\"http:\/\/stellmach-berlin.de\/wp-content\/uploads\/2014\/04\/stellmach_schwebende_kuechen1.jpg\" alt=\"schwebende Kuechen\" width=\"100%\" class=\"alignnone size-large wp-image-627\" \/><br \/>\n<span style=\"line-height: 1.5em;\"><div class='col-md-12'><p><\/p><\/div><\/span><\/p>\n<h2>Schwebende<br \/>K\u00fcchen<\/h2>\n<p>Bei der schwebenden K\u00fcche werden die Unterschr\u00e4nke ebenfalls h\u00e4ngend an einer Wand montiert und nicht von den Sockelf\u00fc\u00dfen getragen. Die entfallen bei den schwebenden K\u00fcchenunterschr\u00e4nken. Dies ist nat\u00fcrlich nur an einer stabilen bzw. tragenden Wand m\u00f6glich. Und damit die Unterschr\u00e4nke bei voller Beladung nicht aus den Angeln brechen, werden besondere Aufh\u00e4ngetechniken und extrem belastbare Beschl\u00e4ge eingesetzt. Die vormontierten Beschl\u00e4ge an den Unterschr\u00e4nken werden meist in ein an der Wand befestigtes Schienensystem eingeh\u00e4ngt, das die n\u00f6tige Stabilit\u00e4t und Tragkraft bietet.<\/p>\n<p><a href=\"http:\/\/stellmach-berlin.de\/?portfolio=alno-alnoart-pro\" title=\"Alno, Alnoart Pro (bright)\" target=\"_blank\">Sie suchen eine schwebende K\u00fcche?<\/a><\/p>\n<p><\/p><\/div><\/div>\r\n            <\/div><\/span><\/p>\n<pre>\r\n<\/pre>\n<h3>Sie haben eine Frage zu einem dieser Trends oder wollen mehr \u00fcber uns Erfahren? Dann besuchen Sie uns doch in unserer K\u00fcchenausstellung oder machen Sie einen Termin mit einem unserer Berater<\/h3>\n<p style=\"text-align: left;\"><a href='http:\/\/stellmach-berlin.de\/?page_id=16' class=' '>So sieht der optimale Ablauf aus<\/a><\/p>\n","protected":false},"excerpt":{"rendered":"<p>Die neuesten Trends aus der K\u00fcchenwelt In der K\u00fcche entwickeln sich drei gro\u00dfe Trends: sch\u00f6nes Holz, innovative Oberfl\u00e4chen und K\u00fcchensysteme, die so flexibel sind, dass der Raumgrundriss keine Rolle mehr spielt &#8211; damit hat man nicht nur am Essen mehr Spa\u00df, sondern auch am Kochen. Sie haben eine Frage zu einem dieser Trends oder wollen [&hellip;]<\/p>\n","protected":false},"author":1,"featured_media":1326,"parent":20,"menu_order":0,"comment_status":"closed","ping_status":"closed","template":"","meta":[],"_links":{"self":[{"href":"https:\/\/stellmach-berlin.de\/index.php?rest_route=\/wp\/v2\/pages\/923"}],"collection":[{"href":"https:\/\/stellmach-berlin.de\/index.php?rest_route=\/wp\/v2\/pages"}],"about":[{"href":"https:\/\/stellmach-berlin.de\/index.php?rest_route=\/wp\/v2\/types\/page"}],"author":[{"embeddable":true,"href":"https:\/\/stellmach-berlin.de\/index.php?rest_route=\/wp\/v2\/users\/1"}],"replies":[{"embeddable":true,"href":"https:\/\/stellmach-berlin.de\/index.php?rest_route=%2Fwp%2Fv2%2Fcomments&post=923"}],"version-history":[{"count":66,"href":"https:\/\/stellmach-berlin.de\/index.php?rest_route=\/wp\/v2\/pages\/923\/revisions"}],"predecessor-version":[{"id":1428,"href":"https:\/\/stellmach-berlin.de\/index.php?rest_route=\/wp\/v2\/pages\/923\/revisions\/1428"}],"up":[{"embeddable":true,"href":"https:\/\/stellmach-berlin.de\/index.php?rest_route=\/wp\/v2\/pages\/20"}],"wp:featuredmedia":[{"embeddable":true,"href":"https:\/\/stellmach-berlin.de\/index.php?rest_route=\/wp\/v2\/media\/1326"}],"wp:attachment":[{"href":"https:\/\/stellmach-berlin.de\/index.php?rest_route=%2Fwp%2Fv2%2Fmedia&parent=923"}],"curies":[{"name":"wp","href":"https:\/\/api.w.org\/{rel}","templated":true}]}}