{"id":1753,"date":"2014-06-30T16:23:31","date_gmt":"2014-06-30T14:23:31","guid":{"rendered":"http:\/\/stellmach-berlin.de\/?page_id=1753"},"modified":"2016-07-27T12:00:45","modified_gmt":"2016-07-27T10:00:45","slug":"impressum","status":"publish","type":"page","link":"https:\/\/stellmach-berlin.de\/?page_id=1753","title":{"rendered":"Impressum"},"content":{"rendered":"<p><div class='columns1'>\r\n                <div class='row'><span style=\"line-height: 1.5em;\"><div class='col-md-6'><p><\/span><strong>Stellmach GmbH <\/strong><br \/>\nBuschkrugalle 6+8<br \/>\n12359 Berlin <\/p>\n<p><strong>Fon:<\/strong> 030-684 30 08<br \/>\n<strong>Fax:<\/strong> 030-685 70 14<br \/>\n<strong>E-Mail:<\/strong> info@stellmach-berlin.de<span style=\"line-height: 1.5em;\"><\/p><\/div><div class='col-md-6'><p><\/span><strong>Steuer-Nummer:<\/strong> 13\/273\/62187<br \/>\n<strong>Handelsregister:<\/strong> HRB 70607<br \/>\n<strong>USt-IdNr.:<\/strong> DE 19824552<br \/>\n<strong>Gesch\u00e4ftsf\u00fchrung:<\/strong> Michael Stellmach<br \/>\n<strong>Sitz der Gesellschaft:<\/strong> Stellmach GmbH, Buschkrugalle 6+8, 10359 Berlin, Deutschland<br \/>\n<\/p><\/div><\/div>\r\n            <\/div><\/span><\/p>\n<pre><\/pre>\n<h2>HAFTUNGSAUSSCHLUSS<\/h2>\n<p>Die Stellmach GmbH pr\u00fcft und aktualisiert die Informationen auf seiner Website st\u00e4ndig. Trotz aller Sorgfalt k\u00f6nnen sich die Daten<br \/>\ninzwischen ver\u00e4ndert haben. Eine Haftung oder Garantie f\u00fcr die Aktualit\u00e4t, Richtigkeit und Vollst\u00e4ndigkeit der zur Verf\u00fcgung gestellten Informationen kann daher nicht \u00fcbernommen werden. Gleiches gilt auch f\u00fcr alle anderen Webseiten, auf die mittels Hyperlink verwiesen wird. Die Stellmach GmbH ist f\u00fcr den Inhalt der Webseiten, die aufgrund einer solchen Verbindung erreicht werden, nicht verantwortlich. Des weiteren beh\u00e4lt sich die Stellmach GmbH das Recht vor,\u00c4nderungen oder Erg\u00e4nzungen der bereitgestellten Informationen vorzunehmen. F\u00fcr eventuelle Farbabweichungen \u00fcbernimmt die Stellmach GmbH<br \/>\nkeine Haftung. Inhalt und Struktur der Stellmach Website sind urheberrechtlich gesch\u00fctzt. Die Vervielf\u00e4ltigung von Informationen oder Daten, insbesondere die Verwendung von Texten, Textteilen oder Bildmaterial, bedarf der vorherigen schriftlichen Zustimmung der Stellmach GmbH. <\/p>\n<p>Alle Abbildungen der K\u00fcchenangebote und Milieus sowie die dazugeh\u00f6rigen Beschreibungen sind Eigentum der ALNO-AG.<\/p>\n","protected":false},"excerpt":{"rendered":"<p>HAFTUNGSAUSSCHLUSS Die Stellmach GmbH pr\u00fcft und aktualisiert die Informationen auf seiner Website st\u00e4ndig. Trotz aller Sorgfalt k\u00f6nnen sich die Daten inzwischen ver\u00e4ndert haben. Eine Haftung oder Garantie f\u00fcr die Aktualit\u00e4t, Richtigkeit und Vollst\u00e4ndigkeit der zur Verf\u00fcgung gestellten Informationen kann daher nicht \u00fcbernommen werden. Gleiches gilt auch f\u00fcr alle anderen Webseiten, auf die mittels Hyperlink verwiesen [&hellip;]<\/p>\n","protected":false},"author":1,"featured_media":1820,"parent":0,"menu_order":0,"comment_status":"closed","ping_status":"closed","template":"","meta":[],"_links":{"self":[{"href":"https:\/\/stellmach-berlin.de\/index.php?rest_route=\/wp\/v2\/pages\/1753"}],"collection":[{"href":"https:\/\/stellmach-berlin.de\/index.php?rest_route=\/wp\/v2\/pages"}],"about":[{"href":"https:\/\/stellmach-berlin.de\/index.php?rest_route=\/wp\/v2\/types\/page"}],"author":[{"embeddable":true,"href":"https:\/\/stellmach-berlin.de\/index.php?rest_route=\/wp\/v2\/users\/1"}],"replies":[{"embeddable":true,"href":"https:\/\/stellmach-berlin.de\/index.php?rest_route=%2Fwp%2Fv2%2Fcomments&post=1753"}],"version-history":[{"count":11,"href":"https:\/\/stellmach-berlin.de\/index.php?rest_route=\/wp\/v2\/pages\/1753\/revisions"}],"predecessor-version":[{"id":1826,"href":"https:\/\/stellmach-berlin.de\/index.php?rest_route=\/wp\/v2\/pages\/1753\/revisions\/1826"}],"wp:featuredmedia":[{"embeddable":true,"href":"https:\/\/stellmach-berlin.de\/index.php?rest_route=\/wp\/v2\/media\/1820"}],"wp:attachment":[{"href":"https:\/\/stellmach-berlin.de\/index.php?rest_route=%2Fwp%2Fv2%2Fmedia&parent=1753"}],"curies":[{"name":"wp","href":"https:\/\/api.w.org\/{rel}","templated":true}]}}