{"id":1485,"date":"2014-05-13T10:53:31","date_gmt":"2014-05-13T08:53:31","guid":{"rendered":"http:\/\/stellmach-berlin.de\/?page_id=1485"},"modified":"2014-07-01T10:32:47","modified_gmt":"2014-07-01T08:32:47","slug":"kalender","status":"publish","type":"page","link":"https:\/\/stellmach-berlin.de\/?page_id=1485","title":{"rendered":"Aktionen"},"content":{"rendered":"<h1>Unser Aktions- und Eventkalender<\/h1>\n<h3>Egal wonach Sie suchen: Bevor sie loslegen, schauen Sie doch hier einmal, wann es sich so richtig lohnt loszulegen. In diesem Kalender finden Sie alle anstehenden Rabattaktionen, bei denen Sie ihrer Traumk\u00fcche noch preiswerter n\u00e4herkommen.<\/h3>\n<p><\/br><br \/>\n<img decoding=\"async\" src=\"http:\/\/stellmach-berlin.de\/wp-content\/uploads\/2014\/05\/iStock_000015123057XXXLarge.jpg\" alt=\"iStock_000015123057XXXLarge\" width=\"100%\" class=\"alignnone size-full wp-image-1748\" srcset=\"https:\/\/stellmach-berlin.de\/wp-content\/uploads\/2014\/05\/iStock_000015123057XXXLarge.jpg 1640w, https:\/\/stellmach-berlin.de\/wp-content\/uploads\/2014\/05\/iStock_000015123057XXXLarge-300x53.jpg 300w, https:\/\/stellmach-berlin.de\/wp-content\/uploads\/2014\/05\/iStock_000015123057XXXLarge-1024x182.jpg 1024w\" sizes=\"(max-width: 1640px) 100vw, 1640px\" \/><\/p>\n<h4>26. April 2014<\/h4>\n<h2>FR\u00dcHJAHRSPUTZ<\/h2>\n<p>Wir bekommen eine neue K\u00fcchenausstellung. Alles muss raus!<br \/>\nWir bauen um!<br \/>\nSprechen Sie uns an oder schreiben Sie uns eine Mail.<br \/>\nNur so lange der Vorrat reicht.<\/p>\n<p><a href=\"http:\/\/stellmach-berlin.de\/?cat=18\">Zu den Aktionsangeboten<\/a><\/p>\n<pre><\/pre>\n<h3>Kommen Sie doch bei uns vorbei und genie\u00dfen Sie die Vorteile unserer Aktionen.<\/h3>\n<p><a href=\"http:\/\/stellmach-berlin.de\/?page_id=16\" title=\"Kontakt\">Hier finden Sie uns<\/a><\/p>\n","protected":false},"excerpt":{"rendered":"<p>Unser Aktions- und Eventkalender Egal wonach Sie suchen: Bevor sie loslegen, schauen Sie doch hier einmal, wann es sich so richtig lohnt loszulegen. In diesem Kalender finden Sie alle anstehenden Rabattaktionen, bei denen Sie ihrer Traumk\u00fcche noch preiswerter n\u00e4herkommen. 26. April 2014 FR\u00dcHJAHRSPUTZ Wir bekommen eine neue K\u00fcchenausstellung. Alles muss raus! Wir bauen um! Sprechen [&hellip;]<\/p>\n","protected":false},"author":1,"featured_media":1534,"parent":18,"menu_order":0,"comment_status":"closed","ping_status":"closed","template":"","meta":[],"_links":{"self":[{"href":"https:\/\/stellmach-berlin.de\/index.php?rest_route=\/wp\/v2\/pages\/1485"}],"collection":[{"href":"https:\/\/stellmach-berlin.de\/index.php?rest_route=\/wp\/v2\/pages"}],"about":[{"href":"https:\/\/stellmach-berlin.de\/index.php?rest_route=\/wp\/v2\/types\/page"}],"author":[{"embeddable":true,"href":"https:\/\/stellmach-berlin.de\/index.php?rest_route=\/wp\/v2\/users\/1"}],"replies":[{"embeddable":true,"href":"https:\/\/stellmach-berlin.de\/index.php?rest_route=%2Fwp%2Fv2%2Fcomments&post=1485"}],"version-history":[{"count":41,"href":"https:\/\/stellmach-berlin.de\/index.php?rest_route=\/wp\/v2\/pages\/1485\/revisions"}],"predecessor-version":[{"id":1823,"href":"https:\/\/stellmach-berlin.de\/index.php?rest_route=\/wp\/v2\/pages\/1485\/revisions\/1823"}],"up":[{"embeddable":true,"href":"https:\/\/stellmach-berlin.de\/index.php?rest_route=\/wp\/v2\/pages\/18"}],"wp:featuredmedia":[{"embeddable":true,"href":"https:\/\/stellmach-berlin.de\/index.php?rest_route=\/wp\/v2\/media\/1534"}],"wp:attachment":[{"href":"https:\/\/stellmach-berlin.de\/index.php?rest_route=%2Fwp%2Fv2%2Fmedia&parent=1485"}],"curies":[{"name":"wp","href":"https:\/\/api.w.org\/{rel}","templated":true}]}}