{"id":125,"date":"2014-04-16T13:17:03","date_gmt":"2014-04-16T11:17:03","guid":{"rendered":"http:\/\/stellmach-berlin.de\/?page_id=125"},"modified":"2014-06-30T17:31:23","modified_gmt":"2014-06-30T15:31:23","slug":"ueber-uns","status":"publish","type":"page","link":"https:\/\/stellmach-berlin.de\/?page_id=125","title":{"rendered":"\u00dcber Uns"},"content":{"rendered":"<h2>Wir sind ein Familienbetrieb, der seit \u00fcber 40 Jahren am Markt existiert<\/h2>\n<p>\nBegonnen hat alles Mitte der 50er Jahre mit dem Verkauf von Elektroger\u00e4ten der Unterhaltungselektronik.Mitte der 90er Jahre begann der damalige Gesch\u00e4ftsf\u00fchrer Hans Stellmach mit der K\u00fcchenplanung. Aus einem anf\u00e4nglich interessanten zweiten Standbein, hat sich im Laufe der Jahre das K\u00fcchenstudio zu unserer Passion entwickelt und stellt heute das Hauptgesch\u00e4ft der Firma Stellmach dar. Wer jedoch passend zu seiner neuen K\u00fcche noch den einen oder anderen Elektroartikel sucht, wird bei uns immer noch f\u00fcndig.<\/p>\n<pre><\/pre>\n<div class='columns1'>\r\n                <div class='row'><br \/>\n<span style=\"line-height: 1.5em;\"><div class='col-md-6'><p><\/span><\/p>\n<h2>Qualit\u00e4t<\/h2>\n<p>Wir legen in jeder Hinsicht gro\u00dfen Wert auf die Auswahl der Hersteller, mit denen wir zusammenarbeiten und sind bestrebt, die Wirtschaft in Deutschland anzukurbeln und voranzutreiben. Daher arbeiten wir ausschlie\u00dflich mit Herstellern zusammen, die in Deutschland ihre Wurzeln haben und auch hier ihre Produktionsst\u00e4tten besitzen.<br \/>\nDie Qualit\u00e4t der Hersteller wird immer wieder unseren Bed\u00fcrfnissen angepasst und auch in Zeiten des immer st\u00e4rker werdenden umweltbewussten Daseins werden die Produkte verbessert, an unsere sich ver\u00e4ndernde Umgebung und Klimaverh\u00e4ltnisse angepasst und nachhaltiger produziert. Genau das liegt uns als Firma Stellmach ebenfalls am Herzen.<br \/>\n<span style=\"line-height: 1.5em;\"><\/p><\/div><div class='col-md-6'><p><\/span><br \/>\n<img decoding=\"async\" src=\"http:\/\/stellmach-berlin.de\/wp-content\/uploads\/2014\/04\/qualitaet_3.jpg\" alt=\"qualitaet_3\" width=\"100%\" class=\"alignnone size-full wp-image-1447\" srcset=\"https:\/\/stellmach-berlin.de\/wp-content\/uploads\/2014\/04\/qualitaet_3.jpg 1640w, https:\/\/stellmach-berlin.de\/wp-content\/uploads\/2014\/04\/qualitaet_3-300x166.jpg 300w, https:\/\/stellmach-berlin.de\/wp-content\/uploads\/2014\/04\/qualitaet_3-1024x566.jpg 1024w\" sizes=\"(max-width: 1640px) 100vw, 1640px\" \/><br \/>\n<span style=\"line-height: 1.5em;\"><\/p><\/div><\/div>\r\n            <\/div>\n<pre><\/pre>\n<div class='columns1'>\r\n                <div class='row'><br \/>\n<span style=\"line-height: 1.5em;\"><div class='col-md-6'><p><\/span><\/p>\n<p><img decoding=\"async\" src=\"http:\/\/stellmach-berlin.de\/wp-content\/uploads\/2014\/04\/service_final.jpg\" alt=\"service_final\" width=\"100%\" class=\"alignnone size-full wp-image-1789\" srcset=\"https:\/\/stellmach-berlin.de\/wp-content\/uploads\/2014\/04\/service_final.jpg 1640w, https:\/\/stellmach-berlin.de\/wp-content\/uploads\/2014\/04\/service_final-300x166.jpg 300w, https:\/\/stellmach-berlin.de\/wp-content\/uploads\/2014\/04\/service_final-1024x566.jpg 1024w\" sizes=\"(max-width: 1640px) 100vw, 1640px\" \/><br \/>\n<span style=\"line-height: 1.5em;\"><\/p><\/div><div class='col-md-6'><p><\/span><\/p>\n<h2>Service<\/h2>\n<p>Bei uns bekommen Sie ihre Traumk\u00fcche auf eine einfache, angenehmen Weise. Wir gehen den Weg der K\u00fcchenanschaffung mit Ihnen gemeinsam und finden die K\u00fcche, die zu ihnen passt und Ihren Anspr\u00fcchen bestm\u00f6glich entspricht. Wir helfen auch gern dabei, genaue Arbeitsabl\u00e4ufe zu koordinieren. Der Kunde steht bei uns an erster Stelle und deshalb versuchen wir Sie mit allem, was uns m\u00f6glich ist, zufrieden zu stellen und in gewisser Weise gl\u00fccklich zu machen. <\/p>\n<p><a href=\"http:\/\/stellmach-berlin.de\/?page_id=142\" title=\"Leistungen\">Unsere Leistungen kompakt f\u00fcr Sie zusammengestellt<\/a><br \/>\n<span style=\"line-height: 1.5em;\"><\/p><\/div><\/div>\r\n            <\/div>\n<pre><\/pre>\n<div class='columns1'>\r\n                <div class='row'><br \/>\n<span style=\"line-height: 1.5em;\"><div class='col-md-6'><p><\/span><\/p>\n<h2>Karriere<\/h2>\n<p>Sie suchen nach einer Stelle in unserem Unternehmen? Wir w\u00fcrden uns freuen, Sie als neuen Teil des Teams begr\u00fc\u00dfen zu d\u00fcrfen. Bewerben k\u00f6nnen Sie sich via Mail oder auch per Post. Au\u00dferdem bieten wir Ihnen ein Onlineformular.<\/p>\n<p><a href=\"http:\/\/stellmach-berlin.de\/?page_id=182\" title=\"Jobs\">Weitere Infos und das Onlineformular finden Sie hier<\/a><\/p>\n<p><span style=\"line-height: 1.5em;\"><\/p><\/div><div class='col-md-6'><p><br \/>\n<img decoding=\"async\" src=\"http:\/\/stellmach-berlin.de\/wp-content\/uploads\/2014\/04\/karriere_5.jpg\" alt=\"karriere_5\" width=\"100%\"\" class=\"alignnone size-full wp-image-1624\" srcset=\"https:\/\/stellmach-berlin.de\/wp-content\/uploads\/2014\/04\/karriere_5.jpg 1640w, https:\/\/stellmach-berlin.de\/wp-content\/uploads\/2014\/04\/karriere_5-300x166.jpg 300w, https:\/\/stellmach-berlin.de\/wp-content\/uploads\/2014\/04\/karriere_5-1024x566.jpg 1024w\" sizes=\"(max-width: 1640px) 100vw, 1640px\" \/><span style=\"line-height: 1.5em;\"><\/p><\/div><\/div>\r\n            <\/div>\n","protected":false},"excerpt":{"rendered":"<p>Wir sind ein Familienbetrieb, der seit \u00fcber 40 Jahren am Markt existiert Begonnen hat alles Mitte der 50er Jahre mit dem Verkauf von Elektroger\u00e4ten der Unterhaltungselektronik.Mitte der 90er Jahre begann der damalige Gesch\u00e4ftsf\u00fchrer Hans Stellmach mit der K\u00fcchenplanung. Aus einem anf\u00e4nglich interessanten zweiten Standbein, hat sich im Laufe der Jahre das K\u00fcchenstudio zu unserer Passion [&hellip;]<\/p>\n","protected":false},"author":1,"featured_media":1446,"parent":18,"menu_order":0,"comment_status":"open","ping_status":"open","template":"","meta":[],"_links":{"self":[{"href":"https:\/\/stellmach-berlin.de\/index.php?rest_route=\/wp\/v2\/pages\/125"}],"collection":[{"href":"https:\/\/stellmach-berlin.de\/index.php?rest_route=\/wp\/v2\/pages"}],"about":[{"href":"https:\/\/stellmach-berlin.de\/index.php?rest_route=\/wp\/v2\/types\/page"}],"author":[{"embeddable":true,"href":"https:\/\/stellmach-berlin.de\/index.php?rest_route=\/wp\/v2\/users\/1"}],"replies":[{"embeddable":true,"href":"https:\/\/stellmach-berlin.de\/index.php?rest_route=%2Fwp%2Fv2%2Fcomments&post=125"}],"version-history":[{"count":82,"href":"https:\/\/stellmach-berlin.de\/index.php?rest_route=\/wp\/v2\/pages\/125\/revisions"}],"predecessor-version":[{"id":1790,"href":"https:\/\/stellmach-berlin.de\/index.php?rest_route=\/wp\/v2\/pages\/125\/revisions\/1790"}],"up":[{"embeddable":true,"href":"https:\/\/stellmach-berlin.de\/index.php?rest_route=\/wp\/v2\/pages\/18"}],"wp:featuredmedia":[{"embeddable":true,"href":"https:\/\/stellmach-berlin.de\/index.php?rest_route=\/wp\/v2\/media\/1446"}],"wp:attachment":[{"href":"https:\/\/stellmach-berlin.de\/index.php?rest_route=%2Fwp%2Fv2%2Fmedia&parent=125"}],"curies":[{"name":"wp","href":"https:\/\/api.w.org\/{rel}","templated":true}]}}