{"id":115,"date":"2014-04-16T13:13:14","date_gmt":"2014-04-16T11:13:14","guid":{"rendered":"http:\/\/stellmach-berlin.de\/?page_id=115"},"modified":"2014-06-30T17:23:25","modified_gmt":"2014-06-30T15:23:25","slug":"die-kuechen-checkliste","status":"publish","type":"page","link":"https:\/\/stellmach-berlin.de\/?page_id=115","title":{"rendered":"K\u00fcchenplanung"},"content":{"rendered":"<h2>1. Wichtige Fragen vor der Planung<\/h2>\n<p><div class='columns1'>\r\n                <div class='row'><span style=\"line-height: 1.5em;\"><div class='col-md-6'><p><\/span><\/p>\n<h3>K\u00fcchentyp<\/h3>\n<p>Welcher Typ sind Sie? Klassisch, Landhaus, modern oder etwas spezieller.<\/p>\n<h3>Personen<\/h3>\n<p>Wieviele Personen leben in Ihrem Haushalt? Gr\u00f6\u00dfe und Ausstattung Ihrer K\u00fcche sollten so genau wie m\u00f6glich auf die Anforderungen aller Familienmitglieder abgestimmt werden.<\/p>\n<h3>Gr\u00f6\u00dfe<\/h3>\n<p>Wie gro\u00df ist Ihre K\u00fcche? Messen Sie sie aus und bringen Sie am besten einen Grundriss zum Besuch bei uns mit. Gerne kann auf Wunsch auch ein Stellmach Mitarbeiter noch einmal bei Ihnen Zuhause nachmessen.<\/p>\n<p><span style=\"line-height: 1.5em;\"><\/p><\/div><div class='col-md-6'><p><\/span><\/p>\n<h3>K\u00fcchenform<\/h3>\n<p>Wollen Sie eine K\u00fcchenzeile, einen K\u00fcchenblock, eine Modulk\u00fcche, eine kleine K\u00fcche oder vielleicht eine Einbauk\u00fcche? Vielleicht gef\u00e4llt Ihnen auch eine U-, oder L-f\u00f6rmige K\u00fcche?<\/p>\n<h3>Raumart<\/h3>\n<p>Wie ist ihr K\u00fcchenraum? Geschlossen oder offen?<\/p>\n<h3>Budget<\/h3>\n<p>Welches Budget steht Ihnen zur Verf\u00fcgung? Unsere erfahrenen K\u00fcchenplaner helfen Ihnen dabei, eine K\u00fcche in Ihrem finanziellen Rahmen zu realisieren.<\/p>\n<p><span style=\"line-height: 1.5em;\"><\/p><\/div><\/div>\r\n            <\/div><\/span><\/p>\n<p style=\"text-align: left;\"><a href='http:\/\/www.altano.com\/fileadmin\/images\/service\/Checkliste.pdf' class='yellow '>Checkliste zur perfekten K\u00fcchenplanung herunterladen<\/a><\/p>\n<pre>\r\n<\/pre>\n<h2>2. Auswahl der Komponenten<\/h2>\n<p><div class='columns1'>\r\n                <div class='row'><\/p>\n<p><span style=\"line-height: 1.5em;\"><div class='col-md-6'><p><\/span><\/p>\n<h3>Details und Zubeh\u00f6r<\/h3>\n<p>z.B. Ordnungssysteme (Schubk\u00e4sten, Ausz\u00fcge), M\u00fcllsysteme, Kindersicherung <\/p>\n<p><img decoding=\"async\" loading=\"lazy\" src=\"http:\/\/stellmach-berlin.de\/wp-content\/uploads\/2014\/04\/1-1024x566.jpg\" alt=\"1\" width=\"100%\" height=\"100%\" class=\"alignnone size-large wp-image-391\" srcset=\"https:\/\/stellmach-berlin.de\/wp-content\/uploads\/2014\/04\/1-1024x566.jpg 1024w, https:\/\/stellmach-berlin.de\/wp-content\/uploads\/2014\/04\/1-300x166.jpg 300w, https:\/\/stellmach-berlin.de\/wp-content\/uploads\/2014\/04\/1.jpg 1640w\" sizes=\"(max-width: 1024px) 100vw, 1024px\" \/><\/p>\n<h3>Material<\/h3>\n<p>z.B. Holz, Keramik, Glas, Stein, Kunststoff<\/p>\n<p><img decoding=\"async\" loading=\"lazy\" src=\"http:\/\/stellmach-berlin.de\/wp-content\/uploads\/2014\/04\/AL40028215-1024x566.jpg\" alt=\"AL40028215\" width=\"100%\" height=\"100%\" class=\"alignnone size-large wp-image-487\" srcset=\"https:\/\/stellmach-berlin.de\/wp-content\/uploads\/2014\/04\/AL40028215-1024x566.jpg 1024w, https:\/\/stellmach-berlin.de\/wp-content\/uploads\/2014\/04\/AL40028215-300x166.jpg 300w, https:\/\/stellmach-berlin.de\/wp-content\/uploads\/2014\/04\/AL40028215.jpg 1640w\" sizes=\"(max-width: 1024px) 100vw, 1024px\" \/><\/p>\n<h3>Kombination mit Wohnraum<\/h3>\n<p>z.B. durch K\u00fccheninsel, Farben, Umfunktionierung der K\u00fcchenm\u00f6bel<\/p>\n<p><img decoding=\"async\" loading=\"lazy\" src=\"http:\/\/stellmach-berlin.de\/wp-content\/uploads\/2014\/04\/IP28072900-1024x566.jpg\" alt=\"IP28072900\" width=\"100%\" height=\"100%\" class=\"alignnone size-large wp-image-502\" srcset=\"https:\/\/stellmach-berlin.de\/wp-content\/uploads\/2014\/04\/IP28072900-1024x566.jpg 1024w, https:\/\/stellmach-berlin.de\/wp-content\/uploads\/2014\/04\/IP28072900-300x166.jpg 300w, https:\/\/stellmach-berlin.de\/wp-content\/uploads\/2014\/04\/IP28072900.jpg 1640w\" sizes=\"(max-width: 1024px) 100vw, 1024px\" \/><\/p>\n<h3>Funktionalit\u00e4t<\/h3>\n<p>z.B. weich schlie\u00dfende T\u00fcren, Drehschrank, Vertikalauszugschrank<\/p>\n<p><img decoding=\"async\" loading=\"lazy\" src=\"http:\/\/stellmach-berlin.de\/wp-content\/uploads\/2014\/04\/AL33877311-1024x566.jpg\" alt=\"AL33877311\" width=\"100%\" height=\"100%\" class=\"alignnone size-large wp-image-505\" srcset=\"https:\/\/stellmach-berlin.de\/wp-content\/uploads\/2014\/04\/AL33877311-1024x566.jpg 1024w, https:\/\/stellmach-berlin.de\/wp-content\/uploads\/2014\/04\/AL33877311-300x166.jpg 300w, https:\/\/stellmach-berlin.de\/wp-content\/uploads\/2014\/04\/AL33877311.jpg 1640w\" sizes=\"(max-width: 1024px) 100vw, 1024px\" \/><\/p>\n<h3>Armaturen und Sp\u00fclen<\/h3>\n<p>z.B. herausziehbarer Brauseschlauch, schwenkbarer Kopf, matt, gl\u00e4nzend <\/p>\n<p><img decoding=\"async\" src=\"http:\/\/stellmach-berlin.de\/wp-content\/uploads\/2014\/04\/wasserhahn-1024x566.jpg\" alt=\"wasserhahn\" width=\"100%\" class=\"alignnone size-large wp-image-590\" srcset=\"https:\/\/stellmach-berlin.de\/wp-content\/uploads\/2014\/04\/wasserhahn-1024x566.jpg 1024w, https:\/\/stellmach-berlin.de\/wp-content\/uploads\/2014\/04\/wasserhahn-300x166.jpg 300w, https:\/\/stellmach-berlin.de\/wp-content\/uploads\/2014\/04\/wasserhahn.jpg 1640w\" sizes=\"(max-width: 1024px) 100vw, 1024px\" \/><\/p>\n<p><span style=\"line-height: 1.5em;\"><\/p><\/div><div class='col-md-6'><p><\/span><\/p>\n<h3>Licht<\/h3>\n<p>z.B. Unterlicht, Oberlicht, Lichtb\u00f6den, beleuchtete Glasablagen<\/p>\n<p><img decoding=\"async\" loading=\"lazy\" src=\"http:\/\/stellmach-berlin.de\/wp-content\/uploads\/2014\/04\/2129097020-1024x566.jpg\" alt=\"2129097020\" width=\"100%\" height=\"100%\" class=\"alignnone size-large wp-image-478\" srcset=\"https:\/\/stellmach-berlin.de\/wp-content\/uploads\/2014\/04\/2129097020-1024x566.jpg 1024w, https:\/\/stellmach-berlin.de\/wp-content\/uploads\/2014\/04\/2129097020-300x166.jpg 300w, https:\/\/stellmach-berlin.de\/wp-content\/uploads\/2014\/04\/2129097020.jpg 1640w\" sizes=\"(max-width: 1024px) 100vw, 1024px\" \/><\/p>\n<h3>Farbe<\/h3>\n<p>z.B. einfarbig, mehrere Farben in Kombination, farblos (schwarz\/wei\u00df)<\/p>\n<p><img decoding=\"async\" loading=\"lazy\" src=\"http:\/\/stellmach-berlin.de\/wp-content\/uploads\/2014\/04\/Wellmann_09-1024x566.jpg\" alt=\"Wellmann_09\" width=\"100%\" height=\"100%\" class=\"alignnone size-large wp-image-513\" srcset=\"https:\/\/stellmach-berlin.de\/wp-content\/uploads\/2014\/04\/Wellmann_09-1024x566.jpg 1024w, https:\/\/stellmach-berlin.de\/wp-content\/uploads\/2014\/04\/Wellmann_09-300x166.jpg 300w, https:\/\/stellmach-berlin.de\/wp-content\/uploads\/2014\/04\/Wellmann_09.jpg 1640w\" sizes=\"(max-width: 1024px) 100vw, 1024px\" \/><\/p>\n<h3>Elektroger\u00e4te<\/h3>\n<p>z.B. Ofen, Herd, Sp\u00fclmaschine, Dunstabzugshaube<\/p>\n<p><img decoding=\"async\" src=\"http:\/\/stellmach-berlin.de\/wp-content\/uploads\/2014\/04\/ger\u00e4t-1024x566.jpg\" alt=\"ger\u00e4t\" width=\"100%\" class=\"alignnone size-large wp-image-585\" srcset=\"https:\/\/stellmach-berlin.de\/wp-content\/uploads\/2014\/04\/ger\u00e4t-1024x566.jpg 1024w, https:\/\/stellmach-berlin.de\/wp-content\/uploads\/2014\/04\/ger\u00e4t-300x166.jpg 300w, https:\/\/stellmach-berlin.de\/wp-content\/uploads\/2014\/04\/ger\u00e4t.jpg 1640w\" sizes=\"(max-width: 1024px) 100vw, 1024px\" \/><\/p>\n<h3>Arbeitsplatte<\/h3>\n<p>z.B. aus Holz, Keramik, Glas, Stein, Kunststoff<\/p>\n<p><img decoding=\"async\" src=\"http:\/\/stellmach-berlin.de\/wp-content\/uploads\/2014\/04\/arbeitsplatte-1024x566.jpg\" alt=\"arbeitsplatte\" width=\"100%\" class=\"alignnone size-large wp-image-587\" srcset=\"https:\/\/stellmach-berlin.de\/wp-content\/uploads\/2014\/04\/arbeitsplatte-1024x566.jpg 1024w, https:\/\/stellmach-berlin.de\/wp-content\/uploads\/2014\/04\/arbeitsplatte-300x166.jpg 300w, https:\/\/stellmach-berlin.de\/wp-content\/uploads\/2014\/04\/arbeitsplatte.jpg 1640w\" sizes=\"(max-width: 1024px) 100vw, 1024px\" \/><\/p>\n<h3>Besonderheiten<\/h3>\n<p>z.B. besondere Form der K\u00fcche, spezielle Funktionen oder Einbauger\u00e4te<\/p>\n<p><img decoding=\"async\" src=\"http:\/\/stellmach-berlin.de\/wp-content\/uploads\/2014\/04\/besonderheit-1024x566.jpg\" alt=\"besonderheit\" width=\"100%\" class=\"alignnone size-large wp-image-592\" srcset=\"https:\/\/stellmach-berlin.de\/wp-content\/uploads\/2014\/04\/besonderheit-1024x566.jpg 1024w, https:\/\/stellmach-berlin.de\/wp-content\/uploads\/2014\/04\/besonderheit-300x166.jpg 300w, https:\/\/stellmach-berlin.de\/wp-content\/uploads\/2014\/04\/besonderheit.jpg 1640w\" sizes=\"(max-width: 1024px) 100vw, 1024px\" \/><\/p>\n<p><span style=\"line-height: 1.5em;\"><\/p><\/div><\/div>\r\n            <\/div><\/span><\/p>\n<pre>\r\n<\/pre>\n<p><div class='columns1'>\r\n                <div class='row'><\/p>\n<p><span style=\"line-height: 1.5em;\"><div class='col-md-6'><p><\/span><\/p>\n<p><img decoding=\"async\" src=\"http:\/\/stellmach-berlin.de\/wp-content\/uploads\/2014\/04\/planung4.jpg\" alt=\"planung\" width=\"100%\" class=\"alignnone size-full wp-image-1782\" srcset=\"https:\/\/stellmach-berlin.de\/wp-content\/uploads\/2014\/04\/planung4.jpg 1640w, https:\/\/stellmach-berlin.de\/wp-content\/uploads\/2014\/04\/planung4-300x166.jpg 300w, https:\/\/stellmach-berlin.de\/wp-content\/uploads\/2014\/04\/planung4-1024x566.jpg 1024w\" sizes=\"(max-width: 1640px) 100vw, 1640px\" \/><br \/>\n<span style=\"line-height: 1.5em;\"><\/p><\/div><div class='col-md-6'><p><\/span><\/p>\n<h2>3. Die eigentliche Planung<\/h2>\n<p>Wenden Sie sich hierf\u00fcr an einen unserer Berater. In unserem K\u00fcchenfachgesch\u00e4ft kann er die exakte Planung Ihrer neuen K\u00fcche vornehmen.<\/p>\n<p style=\"text-align: left;\"><a href='http:\/\/www.stellmach-berlin.de\/?page_id=634' class='yellow '>So sieht der optimale Ablauf aus<\/a><\/p>\n<p><span style=\"line-height: 1.5em;\"><\/p><\/div><\/div>\r\n            <\/div><\/span><\/p>\n<p><\/br><\/p>\n<pre>\r\n<\/pre>\n<p><div class='columns1'>\r\n                <div class='row'><\/p>\n<p><span style=\"line-height: 1.5em;\"><div class='col-md-6'><p><\/span><\/p>\n<h2>4. Sie ben\u00f6tigen noch Zusatzger\u00e4te?<\/h2>\n<p>Ihnen fehlen noch Zusatzger\u00e4te wie ein Wasserkocher, eine Kaffemaschine oder beispielsweise ein Toaster? Vielleicht suchen Sie sogar einen Fernseher? Dann finden Sie bei uns das passende Ger\u00e4t zu ihrer neuen K\u00fcche.<\/p>\n<p style=\"text-align: left;\"><a href='http:\/\/stellmach-berlin.de\/?page_id=16' class='yellow '>Rufen Sie uns jetzt an<\/a><\/p>\n<p><span style=\"line-height: 1.5em;\"><\/p><\/div><div class='col-md-6'><p><\/span><br \/>\n<img decoding=\"async\" src=\"http:\/\/stellmach-berlin.de\/wp-content\/uploads\/2014\/04\/toaster-1024x566.jpg\" alt=\"toaster\" width=\"100%\" class=\"alignnone size-large wp-image-611\" srcset=\"https:\/\/stellmach-berlin.de\/wp-content\/uploads\/2014\/04\/toaster-1024x566.jpg 1024w, https:\/\/stellmach-berlin.de\/wp-content\/uploads\/2014\/04\/toaster-300x166.jpg 300w, https:\/\/stellmach-berlin.de\/wp-content\/uploads\/2014\/04\/toaster.jpg 1640w\" sizes=\"(max-width: 1024px) 100vw, 1024px\" \/><\/p>\n<p><span style=\"line-height: 1.5em;\"><\/p><\/div><\/div>\r\n            <\/div><\/span><\/p>\n","protected":false},"excerpt":{"rendered":"<p>1. Wichtige Fragen vor der Planung 2. Auswahl der Komponenten<\/p>\n","protected":false},"author":1,"featured_media":1456,"parent":109,"menu_order":0,"comment_status":"open","ping_status":"open","template":"","meta":[],"_links":{"self":[{"href":"https:\/\/stellmach-berlin.de\/index.php?rest_route=\/wp\/v2\/pages\/115"}],"collection":[{"href":"https:\/\/stellmach-berlin.de\/index.php?rest_route=\/wp\/v2\/pages"}],"about":[{"href":"https:\/\/stellmach-berlin.de\/index.php?rest_route=\/wp\/v2\/types\/page"}],"author":[{"embeddable":true,"href":"https:\/\/stellmach-berlin.de\/index.php?rest_route=\/wp\/v2\/users\/1"}],"replies":[{"embeddable":true,"href":"https:\/\/stellmach-berlin.de\/index.php?rest_route=%2Fwp%2Fv2%2Fcomments&post=115"}],"version-history":[{"count":230,"href":"https:\/\/stellmach-berlin.de\/index.php?rest_route=\/wp\/v2\/pages\/115\/revisions"}],"predecessor-version":[{"id":1783,"href":"https:\/\/stellmach-berlin.de\/index.php?rest_route=\/wp\/v2\/pages\/115\/revisions\/1783"}],"up":[{"embeddable":true,"href":"https:\/\/stellmach-berlin.de\/index.php?rest_route=\/wp\/v2\/pages\/109"}],"wp:featuredmedia":[{"embeddable":true,"href":"https:\/\/stellmach-berlin.de\/index.php?rest_route=\/wp\/v2\/media\/1456"}],"wp:attachment":[{"href":"https:\/\/stellmach-berlin.de\/index.php?rest_route=%2Fwp%2Fv2%2Fmedia&parent=115"}],"curies":[{"name":"wp","href":"https:\/\/api.w.org\/{rel}","templated":true}]}}